{"id":984,"date":"2022-05-03T08:08:44","date_gmt":"2022-05-03T08:08:44","guid":{"rendered":"https:\/\/ponsdanubii.22projects.sk\/projekty\/"},"modified":"2022-05-06T11:53:42","modified_gmt":"2022-05-06T11:53:42","slug":"projekty","status":"publish","type":"page","link":"https:\/\/novumdanuvium.eu\/sk\/projekty\/","title":{"rendered":"Projekty"},"content":{"rendered":"\t\t<div data-elementor-type=\"wp-page\" data-elementor-id=\"984\" class=\"elementor elementor-984 elementor-25\" data-elementor-post-type=\"page\">\n\t\t\t\t\t\t<section class=\"has_eae_slider elementor-section elementor-top-section elementor-element elementor-element-eba008b elementor-section-height-min-height elementor-section-full_width elementor-section-height-default elementor-section-items-middle\" data-id=\"eba008b\" data-element_type=\"section\" data-settings=\"{&quot;background_background&quot;:&quot;classic&quot;,&quot;background_motion_fx_motion_fx_scrolling&quot;:&quot;yes&quot;,&quot;background_motion_fx_translateY_effect&quot;:&quot;yes&quot;,&quot;background_motion_fx_translateY_direction&quot;:&quot;negative&quot;,&quot;background_motion_fx_translateY_speed&quot;:{&quot;unit&quot;:&quot;px&quot;,&quot;size&quot;:3,&quot;sizes&quot;:[]},&quot;background_motion_fx_translateY_affectedRange&quot;:{&quot;unit&quot;:&quot;%&quot;,&quot;size&quot;:&quot;&quot;,&quot;sizes&quot;:{&quot;start&quot;:0,&quot;end&quot;:100}},&quot;background_motion_fx_devices&quot;:[&quot;desktop&quot;,&quot;tablet&quot;,&quot;mobile&quot;]}\">\n\t\t\t\t\t\t\t<div class=\"elementor-background-overlay\"><\/div>\n\t\t\t\t\t\t\t<div class=\"elementor-container elementor-column-gap-default\">\n\t\t\t\t\t<div class=\"has_eae_slider elementor-column elementor-col-100 elementor-top-column elementor-element elementor-element-ef8e9ca\" data-id=\"ef8e9ca\" data-element_type=\"column\">\n\t\t\t<div class=\"elementor-widget-wrap elementor-element-populated\">\n\t\t\t\t\t\t<div class=\"elementor-element elementor-element-ed48e9d elementor-widget elementor-widget-heading\" data-id=\"ed48e9d\" data-element_type=\"widget\" data-widget_type=\"heading.default\">\n\t\t\t\t<div class=\"elementor-widget-container\">\n\t\t\t<style>\/*! elementor - v3.19.0 - 29-01-2024 *\/\n.elementor-heading-title{padding:0;margin:0;line-height:1}.elementor-widget-heading .elementor-heading-title[class*=elementor-size-]>a{color:inherit;font-size:inherit;line-height:inherit}.elementor-widget-heading .elementor-heading-title.elementor-size-small{font-size:15px}.elementor-widget-heading .elementor-heading-title.elementor-size-medium{font-size:19px}.elementor-widget-heading .elementor-heading-title.elementor-size-large{font-size:29px}.elementor-widget-heading .elementor-heading-title.elementor-size-xl{font-size:39px}.elementor-widget-heading .elementor-heading-title.elementor-size-xxl{font-size:59px}<\/style><h1 class=\"elementor-heading-title elementor-size-default\">Projekty<\/h1>\t\t<\/div>\n\t\t\t\t<\/div>\n\t\t\t\t\t<\/div>\n\t\t<\/div>\n\t\t\t\t\t<\/div>\n\t\t<\/section>\n\t\t\t\t<section class=\"has_eae_slider elementor-section elementor-top-section elementor-element elementor-element-afb4fec elementor-section-height-min-height elementor-section-boxed elementor-section-height-default elementor-section-items-middle\" data-id=\"afb4fec\" data-element_type=\"section\">\n\t\t\t\t\t\t<div class=\"elementor-container elementor-column-gap-default\">\n\t\t\t\t\t<div class=\"has_eae_slider elementor-column elementor-col-100 elementor-top-column elementor-element elementor-element-f577d3b\" data-id=\"f577d3b\" data-element_type=\"column\">\n\t\t\t<div class=\"elementor-widget-wrap elementor-element-populated\">\n\t\t\t\t\t\t<div class=\"elementor-element elementor-element-3709804 elementor-view-default elementor-position-top elementor-mobile-position-top elementor-widget elementor-widget-icon-box\" data-id=\"3709804\" data-element_type=\"widget\" data-widget_type=\"icon-box.default\">\n\t\t\t\t<div class=\"elementor-widget-container\">\n\t\t\t<link rel=\"stylesheet\" href=\"https:\/\/novumdanuvium.eu\/wp-content\/plugins\/elementor\/assets\/css\/widget-icon-box.min.css\">\t\t<div class=\"elementor-icon-box-wrapper\">\n\t\t\t\t\t\t<div class=\"elementor-icon-box-icon\">\n\t\t\t\t<a href=\"https:\/\/novumdanuvium.eu\/projektek\/novum-danuvium-ccp\/\" class=\"elementor-icon elementor-animation-\" tabindex=\"-1\">\n\t\t\t\t<svg xmlns=\"http:\/\/www.w3.org\/2000\/svg\" xmlns:xlink=\"http:\/\/www.w3.org\/1999\/xlink\" viewBox=\"0 0 100 100\" width=\"100px\" height=\"100px\"><g id=\"surface1181322\"><path style=\" stroke:none;fill-rule:nonzero;fill:rgb(48.627451%,80.392158%,92.156863%);fill-opacity:1;\" d=\"M 12 4 C 5.398438 4 0 9.398438 0 16 L 0 74 C 0 80.601562 5.398438 86 12 86 L 100 86 L 100 14 L 23.59375 14 C 22.601562 8.382812 17.898438 4 12 4 Z M 12 8 C 16.4375 8 20 11.5625 20 16 L 20 65.09375 C 17.875 63.179688 15.070312 62 12 62 C 8.929688 62 6.125 63.179688 4 65.09375 L 4 16 C 4 11.5625 7.5625 8 12 8 Z M 24 18 L 96 18 L 96 82 L 12 82 C 7.5625 82 4 78.4375 4 74 C 4 69.5625 7.5625 66 12 66 C 16.4375 66 20 69.5625 20 74 L 24 74 Z M 70 30 L 75.585938 35.585938 L 65 46.171875 L 54.09375 35.257812 L 36.6875 50.5 L 39.3125 53.5 L 53.90625 40.742188 L 65 51.828125 L 78.414062 38.414062 L 84 44 L 84 30 Z M 34 64 L 34 68 L 84 68 L 84 64 Z M 34 64 \"><\/path><\/g><\/svg>\t\t\t\t<\/a>\n\t\t\t<\/div>\n\t\t\t\t\t\t<div class=\"elementor-icon-box-content\">\n\t\t\t\t<h3 class=\"elementor-icon-box-title\">\n\t\t\t\t\t<a href=\"https:\/\/novumdanuvium.eu\/projektek\/novum-danuvium-ccp\/\" >\n\t\t\t\t\t\t1. <STRONG>NOVUM DANUVIUM CCP<\/STRONG> - SKHU\/1802\/3.1\/014 \t\t\t\t\t<\/a>\n\t\t\t\t<\/h3>\n\t\t\t\t\t\t\t\t\t<p class=\"elementor-icon-box-description\">\n\t\t\t\t\t\tKoordin\u00e1cia a komunik\u00e1cia komplexn\u00e9ho ak\u010dn\u00e9ho pl\u00e1nu na vytv\u00e1ranie pracovn\u00fdch miest v regi\u00f3ne Pons Danubii\t\t\t\t\t<\/p>\n\t\t\t\t\t\t\t<\/div>\n\t\t<\/div>\n\t\t\t\t<\/div>\n\t\t\t\t<\/div>\n\t\t\t\t<div class=\"elementor-element elementor-element-c3bac16 elementor-align-center elementor-widget elementor-widget-button\" data-id=\"c3bac16\" data-element_type=\"widget\" data-widget_type=\"button.default\">\n\t\t\t\t<div class=\"elementor-widget-container\">\n\t\t\t\t\t<div class=\"elementor-button-wrapper\">\n\t\t\t<a class=\"elementor-button elementor-button-link elementor-size-sm elementor-animation-grow\" href=\"https:\/\/novumdanuvium.eu\/projektek\/novum-danuvium-ccp\/\">\n\t\t\t\t\t\t<span class=\"elementor-button-content-wrapper\">\n\t\t\t\t\t\t<span class=\"elementor-button-text\">\u010eal\u0161ie inform\u00e1cie<\/span>\n\t\t<\/span>\n\t\t\t\t\t<\/a>\n\t\t<\/div>\n\t\t\t\t<\/div>\n\t\t\t\t<\/div>\n\t\t\t\t<div class=\"elementor-element elementor-element-4a27f11 elementor-widget-divider--view-line elementor-widget elementor-widget-divider\" data-id=\"4a27f11\" data-element_type=\"widget\" data-widget_type=\"divider.default\">\n\t\t\t\t<div class=\"elementor-widget-container\">\n\t\t\t<style>\/*! elementor - v3.19.0 - 29-01-2024 *\/\n.elementor-widget-divider{--divider-border-style:none;--divider-border-width:1px;--divider-color:#0c0d0e;--divider-icon-size:20px;--divider-element-spacing:10px;--divider-pattern-height:24px;--divider-pattern-size:20px;--divider-pattern-url:none;--divider-pattern-repeat:repeat-x}.elementor-widget-divider .elementor-divider{display:flex}.elementor-widget-divider .elementor-divider__text{font-size:15px;line-height:1;max-width:95%}.elementor-widget-divider .elementor-divider__element{margin:0 var(--divider-element-spacing);flex-shrink:0}.elementor-widget-divider .elementor-icon{font-size:var(--divider-icon-size)}.elementor-widget-divider .elementor-divider-separator{display:flex;margin:0;direction:ltr}.elementor-widget-divider--view-line_icon .elementor-divider-separator,.elementor-widget-divider--view-line_text .elementor-divider-separator{align-items:center}.elementor-widget-divider--view-line_icon .elementor-divider-separator:after,.elementor-widget-divider--view-line_icon .elementor-divider-separator:before,.elementor-widget-divider--view-line_text .elementor-divider-separator:after,.elementor-widget-divider--view-line_text .elementor-divider-separator:before{display:block;content:\"\";border-block-end:0;flex-grow:1;border-block-start:var(--divider-border-width) var(--divider-border-style) var(--divider-color)}.elementor-widget-divider--element-align-left .elementor-divider .elementor-divider-separator>.elementor-divider__svg:first-of-type{flex-grow:0;flex-shrink:100}.elementor-widget-divider--element-align-left .elementor-divider-separator:before{content:none}.elementor-widget-divider--element-align-left .elementor-divider__element{margin-left:0}.elementor-widget-divider--element-align-right .elementor-divider .elementor-divider-separator>.elementor-divider__svg:last-of-type{flex-grow:0;flex-shrink:100}.elementor-widget-divider--element-align-right .elementor-divider-separator:after{content:none}.elementor-widget-divider--element-align-right .elementor-divider__element{margin-right:0}.elementor-widget-divider--element-align-start .elementor-divider .elementor-divider-separator>.elementor-divider__svg:first-of-type{flex-grow:0;flex-shrink:100}.elementor-widget-divider--element-align-start .elementor-divider-separator:before{content:none}.elementor-widget-divider--element-align-start .elementor-divider__element{margin-inline-start:0}.elementor-widget-divider--element-align-end .elementor-divider .elementor-divider-separator>.elementor-divider__svg:last-of-type{flex-grow:0;flex-shrink:100}.elementor-widget-divider--element-align-end .elementor-divider-separator:after{content:none}.elementor-widget-divider--element-align-end .elementor-divider__element{margin-inline-end:0}.elementor-widget-divider:not(.elementor-widget-divider--view-line_text):not(.elementor-widget-divider--view-line_icon) .elementor-divider-separator{border-block-start:var(--divider-border-width) var(--divider-border-style) var(--divider-color)}.elementor-widget-divider--separator-type-pattern{--divider-border-style:none}.elementor-widget-divider--separator-type-pattern.elementor-widget-divider--view-line .elementor-divider-separator,.elementor-widget-divider--separator-type-pattern:not(.elementor-widget-divider--view-line) .elementor-divider-separator:after,.elementor-widget-divider--separator-type-pattern:not(.elementor-widget-divider--view-line) .elementor-divider-separator:before,.elementor-widget-divider--separator-type-pattern:not([class*=elementor-widget-divider--view]) .elementor-divider-separator{width:100%;min-height:var(--divider-pattern-height);-webkit-mask-size:var(--divider-pattern-size) 100%;mask-size:var(--divider-pattern-size) 100%;-webkit-mask-repeat:var(--divider-pattern-repeat);mask-repeat:var(--divider-pattern-repeat);background-color:var(--divider-color);-webkit-mask-image:var(--divider-pattern-url);mask-image:var(--divider-pattern-url)}.elementor-widget-divider--no-spacing{--divider-pattern-size:auto}.elementor-widget-divider--bg-round{--divider-pattern-repeat:round}.rtl .elementor-widget-divider .elementor-divider__text{direction:rtl}.e-con-inner>.elementor-widget-divider,.e-con>.elementor-widget-divider{width:var(--container-widget-width,100%);--flex-grow:var(--container-widget-flex-grow)}<\/style>\t\t<div class=\"elementor-divider\">\n\t\t\t<span class=\"elementor-divider-separator\">\n\t\t\t\t\t\t<\/span>\n\t\t<\/div>\n\t\t\t\t<\/div>\n\t\t\t\t<\/div>\n\t\t\t\t<div class=\"elementor-element elementor-element-0393176 elementor-view-default elementor-position-top elementor-mobile-position-top elementor-widget elementor-widget-icon-box\" data-id=\"0393176\" data-element_type=\"widget\" data-widget_type=\"icon-box.default\">\n\t\t\t\t<div class=\"elementor-widget-container\">\n\t\t\t\t\t<div class=\"elementor-icon-box-wrapper\">\n\t\t\t\t\t\t<div class=\"elementor-icon-box-icon\">\n\t\t\t\t<a href=\"https:\/\/novumdanuvium.eu\/projektek\/autotech-infra\/\" class=\"elementor-icon elementor-animation-\" tabindex=\"-1\">\n\t\t\t\t<svg xmlns=\"http:\/\/www.w3.org\/2000\/svg\" xmlns:xlink=\"http:\/\/www.w3.org\/1999\/xlink\" viewBox=\"0 0 100 100\" width=\"100px\" height=\"100px\"><g id=\"surface1181322\"><path style=\" stroke:none;fill-rule:nonzero;fill:rgb(48.627451%,80.392158%,92.156863%);fill-opacity:1;\" d=\"M 12 4 C 5.398438 4 0 9.398438 0 16 L 0 74 C 0 80.601562 5.398438 86 12 86 L 100 86 L 100 14 L 23.59375 14 C 22.601562 8.382812 17.898438 4 12 4 Z M 12 8 C 16.4375 8 20 11.5625 20 16 L 20 65.09375 C 17.875 63.179688 15.070312 62 12 62 C 8.929688 62 6.125 63.179688 4 65.09375 L 4 16 C 4 11.5625 7.5625 8 12 8 Z M 24 18 L 96 18 L 96 82 L 12 82 C 7.5625 82 4 78.4375 4 74 C 4 69.5625 7.5625 66 12 66 C 16.4375 66 20 69.5625 20 74 L 24 74 Z M 70 30 L 75.585938 35.585938 L 65 46.171875 L 54.09375 35.257812 L 36.6875 50.5 L 39.3125 53.5 L 53.90625 40.742188 L 65 51.828125 L 78.414062 38.414062 L 84 44 L 84 30 Z M 34 64 L 34 68 L 84 68 L 84 64 Z M 34 64 \"><\/path><\/g><\/svg>\t\t\t\t<\/a>\n\t\t\t<\/div>\n\t\t\t\t\t\t<div class=\"elementor-icon-box-content\">\n\t\t\t\t<h3 class=\"elementor-icon-box-title\">\n\t\t\t\t\t<a href=\"https:\/\/novumdanuvium.eu\/projektek\/autotech-infra\/\" >\n\t\t\t\t\t\t2. <STRONG>AUTOTECH INFRA<\/STRONG> - SKHU\/1802\/3.1\/015 \t\t\t\t\t<\/a>\n\t\t\t\t<\/h3>\n\t\t\t\t\t\t\t\t\t<p class=\"elementor-icon-box-description\">\n\t\t\t\t\t\tRozvoj infra\u0161trukt\u00fary pre k\u013e\u00fa\u010dov\u00fdch dod\u00e1vate\u013eov automobilov\u00e9ho priemyslu a technologick\u00e9 spolo\u010dnosti (NOVUM DANUVIUM)\t\t\t\t\t<\/p>\n\t\t\t\t\t\t\t<\/div>\n\t\t<\/div>\n\t\t\t\t<\/div>\n\t\t\t\t<\/div>\n\t\t\t\t<div class=\"elementor-element elementor-element-4f01be9 elementor-align-center elementor-widget elementor-widget-button\" data-id=\"4f01be9\" data-element_type=\"widget\" data-widget_type=\"button.default\">\n\t\t\t\t<div class=\"elementor-widget-container\">\n\t\t\t\t\t<div class=\"elementor-button-wrapper\">\n\t\t\t<a class=\"elementor-button elementor-button-link elementor-size-sm elementor-animation-grow\" href=\"https:\/\/novumdanuvium.eu\/projektek\/autotech-infra\/\">\n\t\t\t\t\t\t<span class=\"elementor-button-content-wrapper\">\n\t\t\t\t\t\t<span class=\"elementor-button-text\">\u010eal\u0161ie inform\u00e1cie<\/span>\n\t\t<\/span>\n\t\t\t\t\t<\/a>\n\t\t<\/div>\n\t\t\t\t<\/div>\n\t\t\t\t<\/div>\n\t\t\t\t<div class=\"elementor-element elementor-element-591be1b elementor-widget-divider--view-line elementor-widget elementor-widget-divider\" data-id=\"591be1b\" data-element_type=\"widget\" data-widget_type=\"divider.default\">\n\t\t\t\t<div class=\"elementor-widget-container\">\n\t\t\t\t\t<div class=\"elementor-divider\">\n\t\t\t<span class=\"elementor-divider-separator\">\n\t\t\t\t\t\t<\/span>\n\t\t<\/div>\n\t\t\t\t<\/div>\n\t\t\t\t<\/div>\n\t\t\t\t<div class=\"elementor-element elementor-element-e54841d elementor-view-default elementor-position-top elementor-mobile-position-top elementor-widget elementor-widget-icon-box\" data-id=\"e54841d\" data-element_type=\"widget\" data-widget_type=\"icon-box.default\">\n\t\t\t\t<div class=\"elementor-widget-container\">\n\t\t\t\t\t<div class=\"elementor-icon-box-wrapper\">\n\t\t\t\t\t\t<div class=\"elementor-icon-box-icon\">\n\t\t\t\t<a href=\"https:\/\/novumdanuvium.eu\/projektek\/workforce-pipeline\/\" class=\"elementor-icon elementor-animation-\" tabindex=\"-1\">\n\t\t\t\t<svg xmlns=\"http:\/\/www.w3.org\/2000\/svg\" xmlns:xlink=\"http:\/\/www.w3.org\/1999\/xlink\" viewBox=\"0 0 100 100\" width=\"100px\" height=\"100px\"><g id=\"surface1181322\"><path style=\" stroke:none;fill-rule:nonzero;fill:rgb(48.627451%,80.392158%,92.156863%);fill-opacity:1;\" d=\"M 12 4 C 5.398438 4 0 9.398438 0 16 L 0 74 C 0 80.601562 5.398438 86 12 86 L 100 86 L 100 14 L 23.59375 14 C 22.601562 8.382812 17.898438 4 12 4 Z M 12 8 C 16.4375 8 20 11.5625 20 16 L 20 65.09375 C 17.875 63.179688 15.070312 62 12 62 C 8.929688 62 6.125 63.179688 4 65.09375 L 4 16 C 4 11.5625 7.5625 8 12 8 Z M 24 18 L 96 18 L 96 82 L 12 82 C 7.5625 82 4 78.4375 4 74 C 4 69.5625 7.5625 66 12 66 C 16.4375 66 20 69.5625 20 74 L 24 74 Z M 70 30 L 75.585938 35.585938 L 65 46.171875 L 54.09375 35.257812 L 36.6875 50.5 L 39.3125 53.5 L 53.90625 40.742188 L 65 51.828125 L 78.414062 38.414062 L 84 44 L 84 30 Z M 34 64 L 34 68 L 84 68 L 84 64 Z M 34 64 \"><\/path><\/g><\/svg>\t\t\t\t<\/a>\n\t\t\t<\/div>\n\t\t\t\t\t\t<div class=\"elementor-icon-box-content\">\n\t\t\t\t<h3 class=\"elementor-icon-box-title\">\n\t\t\t\t\t<a href=\"https:\/\/novumdanuvium.eu\/projektek\/workforce-pipeline\/\" >\n\t\t\t\t\t\t3. <STRONG>WORKFORCE PIPELINE<\/STRONG> - SKHU\/1802\/3.1\/051\t\t\t\t\t<\/a>\n\t\t\t\t<\/h3>\n\t\t\t\t\t\t\t\t\t<p class=\"elementor-icon-box-description\">\n\t\t\t\t\t\tZabezpe\u010denie pracovnej sily pre automobilov\u00e9 a technologick\u00e9 spolo\u010dnosti v regi\u00f3ne Pons Danubii (NOVUM DANUVIUM)\t\t\t\t\t<\/p>\n\t\t\t\t\t\t\t<\/div>\n\t\t<\/div>\n\t\t\t\t<\/div>\n\t\t\t\t<\/div>\n\t\t\t\t<div class=\"elementor-element elementor-element-a6b532b elementor-align-center elementor-widget elementor-widget-button\" data-id=\"a6b532b\" data-element_type=\"widget\" data-widget_type=\"button.default\">\n\t\t\t\t<div class=\"elementor-widget-container\">\n\t\t\t\t\t<div class=\"elementor-button-wrapper\">\n\t\t\t<a class=\"elementor-button elementor-button-link elementor-size-sm elementor-animation-grow\" href=\"https:\/\/novumdanuvium.eu\/projektek\/workforce-pipeline\/\">\n\t\t\t\t\t\t<span class=\"elementor-button-content-wrapper\">\n\t\t\t\t\t\t<span class=\"elementor-button-text\">\u010eal\u0161ie inform\u00e1cie<\/span>\n\t\t<\/span>\n\t\t\t\t\t<\/a>\n\t\t<\/div>\n\t\t\t\t<\/div>\n\t\t\t\t<\/div>\n\t\t\t\t<div class=\"elementor-element elementor-element-a366301 elementor-widget-divider--view-line elementor-widget elementor-widget-divider\" data-id=\"a366301\" data-element_type=\"widget\" data-widget_type=\"divider.default\">\n\t\t\t\t<div class=\"elementor-widget-container\">\n\t\t\t\t\t<div class=\"elementor-divider\">\n\t\t\t<span class=\"elementor-divider-separator\">\n\t\t\t\t\t\t<\/span>\n\t\t<\/div>\n\t\t\t\t<\/div>\n\t\t\t\t<\/div>\n\t\t\t\t<div class=\"elementor-element elementor-element-4ef0234 elementor-view-default elementor-position-top elementor-mobile-position-top elementor-widget elementor-widget-icon-box\" data-id=\"4ef0234\" data-element_type=\"widget\" data-widget_type=\"icon-box.default\">\n\t\t\t\t<div class=\"elementor-widget-container\">\n\t\t\t\t\t<div class=\"elementor-icon-box-wrapper\">\n\t\t\t\t\t\t<div class=\"elementor-icon-box-icon\">\n\t\t\t\t<a href=\"https:\/\/novumdanuvium.eu\/projektek\/innocentre\/\" class=\"elementor-icon elementor-animation-\" tabindex=\"-1\">\n\t\t\t\t<svg xmlns=\"http:\/\/www.w3.org\/2000\/svg\" xmlns:xlink=\"http:\/\/www.w3.org\/1999\/xlink\" viewBox=\"0 0 100 100\" width=\"100px\" height=\"100px\"><g id=\"surface1181322\"><path style=\" stroke:none;fill-rule:nonzero;fill:rgb(48.627451%,80.392158%,92.156863%);fill-opacity:1;\" d=\"M 12 4 C 5.398438 4 0 9.398438 0 16 L 0 74 C 0 80.601562 5.398438 86 12 86 L 100 86 L 100 14 L 23.59375 14 C 22.601562 8.382812 17.898438 4 12 4 Z M 12 8 C 16.4375 8 20 11.5625 20 16 L 20 65.09375 C 17.875 63.179688 15.070312 62 12 62 C 8.929688 62 6.125 63.179688 4 65.09375 L 4 16 C 4 11.5625 7.5625 8 12 8 Z M 24 18 L 96 18 L 96 82 L 12 82 C 7.5625 82 4 78.4375 4 74 C 4 69.5625 7.5625 66 12 66 C 16.4375 66 20 69.5625 20 74 L 24 74 Z M 70 30 L 75.585938 35.585938 L 65 46.171875 L 54.09375 35.257812 L 36.6875 50.5 L 39.3125 53.5 L 53.90625 40.742188 L 65 51.828125 L 78.414062 38.414062 L 84 44 L 84 30 Z M 34 64 L 34 68 L 84 68 L 84 64 Z M 34 64 \"><\/path><\/g><\/svg>\t\t\t\t<\/a>\n\t\t\t<\/div>\n\t\t\t\t\t\t<div class=\"elementor-icon-box-content\">\n\t\t\t\t<h3 class=\"elementor-icon-box-title\">\n\t\t\t\t\t<a href=\"https:\/\/novumdanuvium.eu\/projektek\/innocentre\/\" >\n\t\t\t\t\t\t4. <STRONG>INNOCENTRE<\/STRONG> - SKHU\/1802\/3.1\/017 \t\t\t\t\t<\/a>\n\t\t\t\t<\/h3>\n\t\t\t\t\t\t\t\t\t<p class=\"elementor-icon-box-description\">\n\t\t\t\t\t\tKomplexn\u00e9 inova\u010dn\u00e9 centrum pre automobilov\u00e9 a technologick\u00e9 spolo\u010dnosti a vzdel\u00e1vacie in\u0161tit\u00facie v regi\u00f3ne Pons Danubii (NOVUM DANUVIUM)\t\t\t\t\t<\/p>\n\t\t\t\t\t\t\t<\/div>\n\t\t<\/div>\n\t\t\t\t<\/div>\n\t\t\t\t<\/div>\n\t\t\t\t<div class=\"elementor-element elementor-element-2ad54cc elementor-align-center elementor-widget elementor-widget-button\" data-id=\"2ad54cc\" data-element_type=\"widget\" data-widget_type=\"button.default\">\n\t\t\t\t<div class=\"elementor-widget-container\">\n\t\t\t\t\t<div class=\"elementor-button-wrapper\">\n\t\t\t<a class=\"elementor-button elementor-button-link elementor-size-sm elementor-animation-grow\" href=\"https:\/\/novumdanuvium.eu\/projektek\/innocentre\/\">\n\t\t\t\t\t\t<span class=\"elementor-button-content-wrapper\">\n\t\t\t\t\t\t<span class=\"elementor-button-text\">\u010eal\u0161ie inform\u00e1cie<\/span>\n\t\t<\/span>\n\t\t\t\t\t<\/a>\n\t\t<\/div>\n\t\t\t\t<\/div>\n\t\t\t\t<\/div>\n\t\t\t\t\t<\/div>\n\t\t<\/div>\n\t\t\t\t\t<\/div>\n\t\t<\/section>\n\t\t\t\t<\/div>\n\t\t","protected":false},"excerpt":{"rendered":"<p>1. NOVUM DANUVIUM CCP &#8211; SKHU\/1802\/3.1\/014 Koordin\u00e1cia a komunik\u00e1cia komplexn\u00e9ho ak\u010dn\u00e9ho pl\u00e1nu na vytv\u00e1ranie pracovn\u00fdch miest v regi\u00f3ne Pons Danubii \u010eal\u0161ie inform\u00e1cie 2. AUTOTECH INFRA &#8211; SKHU\/1802\/3.1\/015 Rozvoj infra\u0161trukt\u00fary pre k\u013e\u00fa\u010dov\u00fdch dod\u00e1vate\u013eov automobilov\u00e9ho priemyslu a technologick\u00e9 spolo\u010dnosti (NOVUM DANUVIUM) \u010eal\u0161ie inform\u00e1cie 3. WORKFORCE PIPELINE &#8211; SKHU\/1802\/3.1\/051 Zabezpe\u010denie pracovnej sily pre automobilov\u00e9 a technologick\u00e9 spolo\u010dnosti v [&hellip;]<\/p>\n","protected":false},"author":1,"featured_media":0,"parent":0,"menu_order":0,"comment_status":"closed","ping_status":"closed","template":"","meta":{"inline_featured_image":false,"footnotes":""},"class_list":["post-984","page","type-page","status-publish","hentry"],"acf":[],"_links":{"self":[{"href":"https:\/\/novumdanuvium.eu\/sk\/wp-json\/wp\/v2\/pages\/984","targetHints":{"allow":["GET"]}}],"collection":[{"href":"https:\/\/novumdanuvium.eu\/sk\/wp-json\/wp\/v2\/pages"}],"about":[{"href":"https:\/\/novumdanuvium.eu\/sk\/wp-json\/wp\/v2\/types\/page"}],"author":[{"embeddable":true,"href":"https:\/\/novumdanuvium.eu\/sk\/wp-json\/wp\/v2\/users\/1"}],"replies":[{"embeddable":true,"href":"https:\/\/novumdanuvium.eu\/sk\/wp-json\/wp\/v2\/comments?post=984"}],"version-history":[{"count":0,"href":"https:\/\/novumdanuvium.eu\/sk\/wp-json\/wp\/v2\/pages\/984\/revisions"}],"wp:attachment":[{"href":"https:\/\/novumdanuvium.eu\/sk\/wp-json\/wp\/v2\/media?parent=984"}],"curies":[{"name":"wp","href":"https:\/\/api.w.org\/{rel}","templated":true}]}}